{"id":1071,"date":"2022-07-31T15:34:10","date_gmt":"2022-07-31T15:34:10","guid":{"rendered":"https:\/\/itcroctheme.com\/wp\/demos\/themes\/benqu\/?page_id=1071"},"modified":"2025-12-03T13:45:35","modified_gmt":"2025-12-03T13:45:35","slug":"about-us","status":"publish","type":"page","link":"http:\/\/uarh.com.hr\/index.php\/about-us\/","title":{"rendered":"About Us"},"content":{"rendered":"\t\t<div data-elementor-type=\"wp-page\" data-elementor-id=\"1071\" class=\"elementor elementor-1071\">\n\t\t\t\t\t\t<section class=\"elementor-section elementor-top-section elementor-element elementor-element-8253c42 elementor-section-full_width elementor-section-height-default elementor-section-height-default\" data-id=\"8253c42\" data-element_type=\"section\">\n\t\t\t\t\t\t<div class=\"elementor-container elementor-column-gap-no\">\n\t\t\t\t\t<div class=\"elementor-column elementor-col-100 elementor-top-column elementor-element elementor-element-99b02e7\" data-id=\"99b02e7\" data-element_type=\"column\">\n\t\t\t<div class=\"elementor-widget-wrap elementor-element-populated\">\n\t\t\t\t\t\t<div class=\"elementor-element elementor-element-6ddd46e elementor-widget elementor-widget-benqu-breadcrum-id\" data-id=\"6ddd46e\" data-element_type=\"widget\" data-widget_type=\"benqu-breadcrum-id.default\">\n\t\t\t\t<div class=\"elementor-widget-container\">\n\t\t\t\t\t\t<div class=\"benqu-breadcrumb\">\r\n\t\t<div class=\"container\">\r\n\t\t\t<div class=\"row\">\r\n\t\t\t\t<div class=\"col-lg-12\">\r\n                    <div class=\"breadcrumb-item\">\r\n                        <ol class=\"breadcrumb-item\"><li><a href=\"http:\/\/uarh.com.hr\">Unija Albanaca u Republici Hrvatskoj<\/a><\/li> <\/ol>                    <\/div>\r\n\t\t\t\t\t\r\n\t\t\t\t<\/div>\r\n\t\t\t<\/div>\r\n\t\t<\/div>\r\n\t<\/div>\r\n    \t\t\t\t<\/div>\n\t\t\t\t<\/div>\n\t\t\t\t\t<\/div>\n\t\t<\/div>\n\t\t\t\t\t<\/div>\n\t\t<\/section>\n\t\t\t\t<section class=\"elementor-section elementor-top-section elementor-element elementor-element-c0a560e elementor-section-boxed elementor-section-height-default elementor-section-height-default\" data-id=\"c0a560e\" data-element_type=\"section\">\n\t\t\t\t\t\t<div class=\"elementor-container elementor-column-gap-default\">\n\t\t\t\t\t<div class=\"elementor-column elementor-col-100 elementor-top-column elementor-element elementor-element-092562c\" data-id=\"092562c\" data-element_type=\"column\">\n\t\t\t<div class=\"elementor-widget-wrap elementor-element-populated\">\n\t\t\t\t\t\t<div class=\"elementor-element elementor-element-887054b elementor-widget elementor-widget-heading\" data-id=\"887054b\" data-element_type=\"widget\" data-widget_type=\"heading.default\">\n\t\t\t\t\t<h2 class=\"elementor-heading-title elementor-size-default\">Unija Albanaca u Republici Hrvatskoj\n<\/h2>\t\t\t\t<\/div>\n\t\t\t\t\t<\/div>\n\t\t<\/div>\n\t\t\t\t\t<\/div>\n\t\t<\/section>\n\t\t<div class=\"elementor-element elementor-element-ebfb01a e-flex e-con-boxed e-con e-parent\" data-id=\"ebfb01a\" data-element_type=\"container\">\n\t\t\t\t\t<div class=\"e-con-inner\">\n\t\t\t\t<div class=\"elementor-element elementor-element-8bdb047 elementor-widget elementor-widget-text-editor\" data-id=\"8bdb047\" data-element_type=\"widget\" data-widget_type=\"text-editor.default\">\n\t\t\t\t\t\t\t\t\t<p><strong>Unija Albanaca u RH je krovna udruga koja okuplja sve albanske zajednice u Hrvatskoj. Njezina je uloga \u010duvati identitet, jezik i kulturu, zastupati prava nacionalne manjine pred institucijama Republike Hrvatske i biti most izme\u0111u lokalnih zajednica i dr\u017eavnih tijela.<\/strong><\/p><p><strong>Unija je klju\u010dna za koordinaciju kulturnih programa, obrazovnih inicijativa i izdava\u0161tva te daje okvir kroz koji se provode projekti i financiranje.<\/strong><br \/><strong>Prema podacima Dr\u017eavnog zavoda za statistiku, iz Popisa stanovni\u0161tva iz 2021. godine, u Republici Hrvatskoj \u017eivi 13.817 pripadnika albanske nacionalne manjine. Najvi\u0161e Albanaca \u017eivi na podru\u010dju Grada Zagreba, Primorsko-goranske, Istarske, Splitsko-dalmatinske, Osje\u010dko-baranjske, Zagreba\u010dke i Bjelovarsko-bilogorske \u017eupanije.<\/strong><\/p><p><strong>Iz Dr\u017eavnog prora\u010duna Republike Hrvatske putem Savjeta za nacionalne manjine financijski se kontinuirano dodjeljuju sredstva udrugama albanske nacionalne manjine za ostvarivanje programa iz podru\u010dja informiranja, izdava\u0161tva, kulturnog amaterizma i kulturnih manifestacija. Udruge albanske nacionalne manjine su:<\/strong><\/p><p><strong>Unija Albanaca u Republici Hrvatskoj, Zagreb<\/strong><br \/><strong>Albansko dramsko dru\u0161tvo u Hrvatskoj &#8220;M\u00ebrgimtari&#8221;, Zagreb<\/strong><br \/><strong>Albansko kulturno dru\u0161tvo u Hrvatskoj &#8220;Shk\u00ebndija&#8221;, Zagreb<\/strong><br \/><strong>Dru\u0161tvo albanskih umjetnika Hrvatske &#8211; DEA, Sisak<\/strong><br \/><strong>Klub albanskih \u017eena Hrvatske &#8220;Kraljica Teuta&#8221;, Zagreb<\/strong><br \/><strong>Udruga albanske nacionalne manjine otoka Krka, Krk<\/strong><br \/><strong>Udruga albanskih \u017eena Zagreba &#8220;Drita&#8221;, Zagreb<\/strong><\/p><p><strong>Vi\u0161e informacija o financiranju navedenih udruga mo\u017eete prona\u0107i na poveznici:<\/strong><br \/><strong>https:\/\/narodne-novine.nn.hr\/clanci\/sluzbeni\/2022_04_48_609.html<\/strong><\/p><p><strong>Ove udruge ostvaruju program kulturnog amaterizma i kulturnih manifestacija djelovanjem mje\u0161ovitih pjeva\u010dkih zborova, folklornih, plesnih, dramskih i glazbenih skupina te organiziranjem izlo\u017ebi, tribina i obljetnica.<\/strong><br \/><strong>Pripadnici albanske nacionalne manjine svoje pravo na odgoj i obrazovanje ostvaruju sudjelovanjem u modelu C osnovno\u0161kolskog i srednjo\u0161kolskog obrazovanja.<\/strong><br \/><strong>Tako\u0111er, u svrhu o\u010duvanja etni\u010dkog, kulturnog i jezi\u010dnog identiteta u\u010denika pripadnika nacionalnih manjina u Republici Hrvatskoj organizacijom ljetnih \u0161kola kao posebnih oblika nastave te provedbom posebnih programa skrbi se o obrazovanju u\u010denika pripadnika nacionalnih manjina i putem manjinskih ustanova \u010dije je primarno djelovanje usmjereno na podru\u010dje odgoja i obrazovanja.<\/strong><br \/><strong>Na redovnim lokalnim izborima koji su odr\u017eani 16. svibnja 2021. godine, pripadnicima albanske nacionalne manjine bilo je zajam\u010deno pravo na izbor 1 \u010dlana predstavni\u010dkih tijela te je i izabran 1 \u010dlan u Op\u0107ini Velika Pisanica (Bjelovarsko-bilogorska \u017eupanija).<\/strong><br \/><strong>Na izborima za vije\u0107a i predstavnike nacionalnih manjina odr\u017eanim 2019. godine izabrano je 27 vije\u0107a i 8 predstavnika albanske nacionalne manjine u \u017eupanijama, uklju\u010duju\u0107i Grad Zagreb te 10 predstavnika u gradovima.<\/strong><br \/><strong>Uporaba znamenja i simbola i obilje\u017eavanje praznika nacionalnih manjina za albansku nacionalnu manjinu je propisana statutom u Vara\u017edinskoj \u017eupaniji te u Gradu Crikvenici, Gradu Pula-Pola i Gradu Zagrebu.<\/strong><\/p><p><strong>O\u010duvanje tradicijskih naziva i oznaka te davanje naziva naseljima, ulicama i trgovima imena osoba i doga\u0111aja od zna\u010daja za povijest i kulturu albanske nacionalne manjine ure\u0111eno je statutom na podru\u010dju \u0160ibensko &#8211; kninske \u017eupanije<\/strong><\/p>\t\t\t\t\t\t\t\t<\/div>\n\t\t\t\t\t<\/div>\n\t\t\t\t<\/div>\n\t\t\t\t<\/div>\n\t\t","protected":false},"excerpt":{"rendered":"<p>Unija Albanaca u Republici Hrvatskoj Unija Albanaca u Republici Hrvatskoj Unija Albanaca u RH je krovna udruga koja okuplja sve albanske zajednice u Hrvatskoj. Njezina je uloga \u010duvati identitet, jezik i kulturu, zastupati prava nacionalne manjine pred institucijama Republike Hrvatske i biti most izme\u0111u lokalnih zajednica i dr\u017eavnih tijela. Unija je klju\u010dna za koordinaciju kulturnih [&hellip;]<\/p>\n","protected":false},"author":1,"featured_media":0,"parent":0,"menu_order":0,"comment_status":"closed","ping_status":"closed","template":"elementor-template.php","meta":{"footnotes":""},"class_list":["post-1071","page","type-page","status-publish","hentry"],"_links":{"self":[{"href":"http:\/\/uarh.com.hr\/index.php\/wp-json\/wp\/v2\/pages\/1071","targetHints":{"allow":["GET"]}}],"collection":[{"href":"http:\/\/uarh.com.hr\/index.php\/wp-json\/wp\/v2\/pages"}],"about":[{"href":"http:\/\/uarh.com.hr\/index.php\/wp-json\/wp\/v2\/types\/page"}],"author":[{"embeddable":true,"href":"http:\/\/uarh.com.hr\/index.php\/wp-json\/wp\/v2\/users\/1"}],"replies":[{"embeddable":true,"href":"http:\/\/uarh.com.hr\/index.php\/wp-json\/wp\/v2\/comments?post=1071"}],"version-history":[{"count":13,"href":"http:\/\/uarh.com.hr\/index.php\/wp-json\/wp\/v2\/pages\/1071\/revisions"}],"predecessor-version":[{"id":2126,"href":"http:\/\/uarh.com.hr\/index.php\/wp-json\/wp\/v2\/pages\/1071\/revisions\/2126"}],"wp:attachment":[{"href":"http:\/\/uarh.com.hr\/index.php\/wp-json\/wp\/v2\/media?parent=1071"}],"curies":[{"name":"wp","href":"https:\/\/api.w.org\/{rel}","templated":true}]}}